{"id":900,"date":"2021-05-11T10:58:08","date_gmt":"2021-05-11T08:58:08","guid":{"rendered":"https:\/\/www.lerefugedespres.com\/?page_id=900"},"modified":"2021-12-08T14:44:06","modified_gmt":"2021-12-08T13:44:06","slug":"mentions-legales","status":"publish","type":"page","link":"https:\/\/www.lerefugedespres.com\/en\/mentions-legales\/","title":{"rendered":"Mentions L\u00e9gales"},"content":{"rendered":"<div data-elementor-type=\"wp-page\" data-elementor-id=\"900\" class=\"elementor elementor-900\" data-elementor-post-type=\"page\">\n\t\t\t\t\t\t<section class=\"elementor-section elementor-top-section elementor-element elementor-element-ec8c9ff elementor-section-boxed elementor-section-height-default elementor-section-height-default\" data-id=\"ec8c9ff\" data-element_type=\"section\">\n\t\t\t\t\t\t<div class=\"elementor-container elementor-column-gap-default\">\n\t\t\t\t\t<div class=\"elementor-column elementor-col-100 elementor-top-column elementor-element elementor-element-5cc6213\" data-id=\"5cc6213\" data-element_type=\"column\">\n\t\t\t<div class=\"elementor-widget-wrap elementor-element-populated\">\n\t\t\t\t\t\t<div class=\"elementor-element elementor-element-a0b2b1a elementor-widget elementor-widget-image\" data-id=\"a0b2b1a\" data-element_type=\"widget\" data-widget_type=\"image.default\">\n\t\t\t\t<div class=\"elementor-widget-container\">\n\t\t\t\t\t\t\t\t\t\t\t\t\t<img fetchpriority=\"high\" decoding=\"async\" width=\"512\" height=\"512\" src=\"https:\/\/www.lerefugedespres.com\/wp-content\/uploads\/2021\/04\/Logo-Refuge-des-Pre\u0301s-512-1.png\" class=\"attachment-large size-large wp-image-496\" alt=\"\" srcset=\"https:\/\/www.lerefugedespres.com\/wp-content\/uploads\/2021\/04\/Logo-Refuge-des-Pre\u0301s-512-1.png 512w, https:\/\/www.lerefugedespres.com\/wp-content\/uploads\/2021\/04\/Logo-Refuge-des-Pre\u0301s-512-1-300x300.png 300w, https:\/\/www.lerefugedespres.com\/wp-content\/uploads\/2021\/04\/Logo-Refuge-des-Pre\u0301s-512-1-150x150.png 150w, https:\/\/www.lerefugedespres.com\/wp-content\/uploads\/2021\/04\/Logo-Refuge-des-Pre\u0301s-512-1-12x12.png 12w\" sizes=\"(max-width: 512px) 100vw, 512px\" \/>\t\t\t\t\t\t\t\t\t\t\t\t\t<\/div>\n\t\t\t\t<\/div>\n\t\t\t\t<div class=\"elementor-element elementor-element-d0bc6c5 elementor-hidden-phone elementor-widget elementor-widget-heading\" data-id=\"d0bc6c5\" data-element_type=\"widget\" data-widget_type=\"heading.default\">\n\t\t\t\t<div class=\"elementor-widget-container\">\n\t\t\t<h2 class=\"elementor-heading-title elementor-size-default\">Mentions l\u00e9gales<\/h2>\t\t<\/div>\n\t\t\t\t<\/div>\n\t\t\t\t<div class=\"elementor-element elementor-element-ed548f3 elementor-widget elementor-widget-text-editor\" data-id=\"ed548f3\" data-element_type=\"widget\" data-widget_type=\"text-editor.default\">\n\t\t\t\t<div class=\"elementor-widget-container\">\n\t\t\t\t\t\t\t<div class=\"\"><div class=\"\"><div data-pm-slice=\"1 1 []\" data-en-clipboard=\"true\"><div data-pm-slice=\"1 1 []\" data-en-clipboard=\"true\"><div data-pm-slice=\"1 1 []\" data-en-clipboard=\"true\"><div data-pm-slice=\"1 1 []\" data-en-clipboard=\"true\"><div data-pm-slice=\"1 1 []\" data-en-clipboard=\"true\"><div data-pm-slice=\"1 1 []\" data-en-clipboard=\"true\"><div style=\"text-align: start;\" data-pm-slice=\"1 1 []\" data-en-clipboard=\"true\"><h2>1. Pr\u00e9sentation du site :<\/h2><p>Conform\u00e9ment aux dispositions des articles 6-III et 19 de la Loi n\u00b0 2004-575 du 21 juin 2004 pour la Confiance dans l\u2019\u00e9conomie num\u00e9rique, dite L.C.E.N., nous portons \u00e0 la connaissance des utilisateurs et visiteurs du site : www.lelerefugedespres.com les informations l\u00e9gales suivantes :<br \/>Statut du propri\u00e9taire : Soci\u00e9t\u00e9<br \/>Pr\u00e9fixe : SAS<br \/>Nom de la Soci\u00e9t\u00e9 : Refuges du Mont Blanc<br \/>Adresse : 43 Rue du Mont Blanc, 74170 Saint-Gervais-les-Bains <br \/>T\u00e9l : 06 61 86 50 43<br \/>Au Capital de : 12 600,00 Euros <br \/>SIRET : 849 318 704 <br \/>R.C.S. : Annecy<br \/>Adresse de courrier \u00e9lectronique : lelerefugedespres.com<br \/>Le Cr\u00e9ateur du site est : Agence Sign\u00e9 Moya<br \/>Le Responsable de la publication est : Agence Sign\u00e9 Moya<br \/>Contactez le responsable de la publication : melanie@signemoya.fr<br \/>Le Webmaster est : Agence Sign\u00e9 Moya<br \/>Contactez le Webmaster : melanie@signemoya.fr<br \/>L\u2019h\u00e9bergeur du site est : OVH<br \/>SAS au capital de 10 069 020 \u20ac<br \/>RCS Lille M\u00e9tropole 424 761 419 00045<br \/>Code APE 2620Z<\/p><p>\u00a0<\/p><h2>2. Description des services fournis :<\/h2><p><br \/>Le site www.lelerefugedespres.com a pour objet de fournir une information concernant l\u2019ensemble des activit\u00e9s de la soci\u00e9t\u00e9. Le propri\u00e9taire du site s\u2019efforce de fournir sur le site www.lelerefugedespres.com des informations aussi pr\u00e9cises que possible. Toutefois, il ne pourra \u00eatre tenue responsable des omissions, des inexactitudes et des carences dans la mise \u00e0 jour, qu\u2019elles soient de son fait ou du fait des tiers partenaires qui lui fournissent ces informations.<br \/>Tous les informations propos\u00e9es sur le site www.lelerefugedespres.com sont donn\u00e9es \u00e0 titre indicatif, sont non<br \/>exhaustives, et sont susceptibles d\u2019\u00e9voluer. Elles sont donn\u00e9es sous r\u00e9serve de modifications ayant \u00e9t\u00e9 apport\u00e9es depuis leur mise en ligne.<\/p><p>\u00a0<\/p><h2>3. Propri\u00e9t\u00e9 intellectuelle et contrefa\u00e7ons :<\/h2><p><br \/>Le propri\u00e9taire du site est propri\u00e9taire des droits de propri\u00e9t\u00e9 intellectuelle ou d\u00e9tient les droits d\u2019usage sur tous les \u00e9l\u00e9ments accessibles sur le site, notamment les textes, images, graphismes, logo, ic\u00f4nes, sons, logiciels\u2026<br \/>Toute reproduction, repr\u00e9sentation, modification, publication, adaptation totale ou partielle des \u00e9l\u00e9ments du site, quel que soit le moyen ou le proc\u00e9d\u00e9 utilis\u00e9, est interdite.<br \/>Toute exploitation non autoris\u00e9e du site ou de l\u2019un quelconque de ces \u00e9l\u00e9ments qu\u2019il contient sera consid\u00e9r\u00e9e comme constitutive d\u2019une contrefa\u00e7on et poursuivie conform\u00e9ment aux dispositions des articles L.335-2 et suivants du Code de Propri\u00e9t\u00e9 Intellectuelle.<\/p><p>\u00a0<\/p><h2>4. Utilisation du site internet et cookies :<\/h2><p><br \/>Le site www.lelerefugedespres.com contient un certain nombre de liens hypertextes vers d\u2019autres sites (partenaires, informations \u2026) mis en place avec l\u2019autorisation du propri\u00e9taire du site. Cependant, le propri\u00e9taire du site n\u2019a pas la possibilit\u00e9 de v\u00e9rifier le contenu des sites ainsi visit\u00e9s et d\u00e9cline donc toute responsabilit\u00e9 de ce fait quant aux risques \u00e9ventuels de contenus illicites.<br \/>L\u2019utilisateur est inform\u00e9 que lors de ses visites sur le site www.lelerefugedespres.com, un ou des cookies sont susceptibles de s\u2019installer automatiquement sur son ordinateur. Un cookie est un fichier de petite taille, qui ne permet pas l\u2019identification de l\u2019utilisateur, mais qui enregistre des informations relatives \u00e0 la navigation d\u2019un ordinateur sur un site. Les donn\u00e9es ainsi obtenues visent \u00e0 faciliter la navigation ult\u00e9rieure sur le site, et ont \u00e9galement vocation \u00e0 permettre diverses mesures de fr\u00e9quentation.<br \/>Le param\u00e9trage du logiciel de navigation permet d\u2019informer de la pr\u00e9sence de cookie et \u00e9ventuellement, de refuser de la mani\u00e8re d\u00e9crite \u00e0 l\u2019adresse suivante : www.cnil.fr <br \/>Le refus d\u2019installation d\u2019un cookie peut entra\u00eener l\u2019impossibilit\u00e9 d\u2019acc\u00e9der \u00e0 certains services. L\u2019utilisateur peut toutefois configurer son ordinateur de la mani\u00e8re suivante, pour refuser l\u2019installation des cookies : Sous Internet Explorer : onglet outil \/ options internet. Cliquez sur Confidentialit\u00e9 et choisissez Bloquer tous les cookies. Validez sur Ok. Sous Netscape :<br \/>onglet \u00e9dition \/ pr\u00e9f\u00e9rences. Cliquez sur Avanc\u00e9es et choisissez D\u00e9sactiver les cookies. Validez sur Ok.<\/p><p>\u00a0<\/p><h2>5. Protection des biens et des personnes &#8211; gestion des donn\u00e9es personnelles :<\/h2><p><br \/>Utilisateur : Internaute se connectant, utilisant le site susnomm\u00e9 : www.lelerefugedespres.com En France, les donn\u00e9es personnelles sont notamment prot\u00e9g\u00e9es par la loi n\u00b0 78-87 du 6 janvier 1978, la loi n\u00b0 2004-801 du 6 ao\u00fbt 2004, l&rsquo;article L. 226-13 du Code p\u00e9nal et la Directive Europ\u00e9enne du 24 octobre 1995.<br \/>Sur le site www.lelerefugedespres.com, le propri\u00e9taire du site ne collecte des informations personnelles relatives \u00e0 l&rsquo;utilisateur que pour le besoin de certains services propos\u00e9s par le site www.lelerefugedespres.com. L&rsquo;utilisateur fournit ces informations en toute connaissance de cause, notamment lorsqu&rsquo;il proc\u00e8de par lui- m\u00eame \u00e0 leur saisie via le formulaire de contact. Il est alors pr\u00e9cis\u00e9 \u00e0 l\u2019utilisateur du site www.lelerefugedespres.com l\u2019obligation ou non de fournir ces informations.<br \/>Conform\u00e9ment aux dispositions des articles 38 et suivants de la loi 78-17 du 6 janvier 1978 relative \u00e0 l\u2019informatique, aux fichiers et aux libert\u00e9s, tout utilisateur dispose d\u2019un droit d\u2019acc\u00e8s, de rectification, de suppression et d\u2019opposition aux donn\u00e9es personnelles le concernant. Pour l\u2019exercer, adressez votre demande au Refuge des Pr\u00e9s par email : contact@lerefugedespres.com ou en effectuant sa demande \u00e9crite et sign\u00e9e, accompagn\u00e9e d\u2019une copie du titre d\u2019identit\u00e9 avec signature du titulaire de la pi\u00e8ce, en pr\u00e9cisant l\u2019adresse \u00e0 laquelle la r\u00e9ponse doit \u00eatre envoy\u00e9e.<br \/>Aucune information personnelle de l&rsquo;utilisateur du site www.lelerefugedespres.com n&rsquo;est publi\u00e9e \u00e0 l&rsquo;insu de l&rsquo;utilisateur, \u00e9chang\u00e9e, transf\u00e9r\u00e9e, c\u00e9d\u00e9e ou vendue sur un support quelconque \u00e0 des tiers. Seule l&rsquo;hypoth\u00e8se du rachat du site www.lelerefugedespres.com et de ses droits permettrait la transmission des dites informations \u00e0 l&rsquo;\u00e9ventuel acqu\u00e9reur qui serait \u00e0 son tour tenu de la m\u00eame obligation de conservation<br \/>et de modification des donn\u00e9es vis \u00e0 vis de l&rsquo;utilisateur du site www.lelerefugedespres.com<br \/>Le site www.lelerefugedespres.com est en conformit\u00e9 avec le RGPD<br \/>Les bases de donn\u00e9es sont prot\u00e9g\u00e9es par les dispositions de la loi du 1er juillet 1998 transposant la directive 96\/9 du 11 mars 1996 relative \u00e0 la protection juridique des bases de donn\u00e9es.<\/p><\/div><\/div><\/div><\/div><\/div><\/div><\/div><\/div><\/div>\t\t\t\t\t\t<\/div>\n\t\t\t\t<\/div>\n\t\t\t\t\t<\/div>\n\t\t<\/div>\n\t\t\t\t\t<\/div>\n\t\t<\/section>\n\t\t\t\t<\/div>","protected":false},"excerpt":{"rendered":"<p>Mentions l\u00e9gales 1. Pr\u00e9sentation du site : Conform\u00e9ment aux dispositions des articles 6-III et 19 de la Loi n\u00b0 2004-575 du 21 juin 2004 pour la Confiance dans l\u2019\u00e9conomie num\u00e9rique, dite L.C.E.N., nous portons \u00e0 la connaissance des utilisateurs et visiteurs du site : www.lelerefugedespres.com les informations l\u00e9gales suivantes :Statut du propri\u00e9taire : Soci\u00e9t\u00e9Pr\u00e9fixe : [&hellip;]<\/p>","protected":false},"author":5,"featured_media":0,"parent":0,"menu_order":0,"comment_status":"closed","ping_status":"closed","template":"elementor_header_footer","meta":{"footnotes":""},"yoast_head":"<!-- This site is optimized with the Yoast SEO plugin v22.2 - https:\/\/yoast.com\/wordpress\/plugins\/seo\/ -->\n<title>Mentions L\u00e9gales - Le Refuge des Pr\u00e9s<\/title>\n<meta name=\"robots\" content=\"index, follow, max-snippet:-1, max-image-preview:large, max-video-preview:-1\" \/>\n<link rel=\"canonical\" href=\"https:\/\/www.lerefugedespres.com\/en\/mentions-legales\/\" \/>\n<meta property=\"og:locale\" content=\"en_GB\" \/>\n<meta property=\"og:type\" content=\"article\" \/>\n<meta property=\"og:title\" content=\"Mentions L\u00e9gales - Le Refuge des Pr\u00e9s\" \/>\n<meta property=\"og:description\" content=\"Mentions l\u00e9gales 1. Pr\u00e9sentation du site : Conform\u00e9ment aux dispositions des articles 6-III et 19 de la Loi n\u00b0 2004-575 du 21 juin 2004 pour la Confiance dans l\u2019\u00e9conomie num\u00e9rique, dite L.C.E.N., nous portons \u00e0 la connaissance des utilisateurs et visiteurs du site : www.lelerefugedespres.com les informations l\u00e9gales suivantes :Statut du propri\u00e9taire : Soci\u00e9t\u00e9Pr\u00e9fixe : [&hellip;]\" \/>\n<meta property=\"og:url\" content=\"https:\/\/www.lerefugedespres.com\/en\/mentions-legales\/\" \/>\n<meta property=\"og:site_name\" content=\"Le Refuge des Pr\u00e9s\" \/>\n<meta property=\"article:modified_time\" content=\"2021-12-08T13:44:06+00:00\" \/>\n<meta name=\"twitter:card\" content=\"summary_large_image\" \/>\n<meta name=\"twitter:label1\" content=\"Estimated reading time\" \/>\n\t<meta name=\"twitter:data1\" content=\"5 minutes\" \/>\n<script type=\"application\/ld+json\" class=\"yoast-schema-graph\">{\"@context\":\"https:\/\/schema.org\",\"@graph\":[{\"@type\":\"WebPage\",\"@id\":\"https:\/\/www.lerefugedespres.com\/fr\/mentions-legales\/\",\"url\":\"https:\/\/www.lerefugedespres.com\/fr\/mentions-legales\/\",\"name\":\"Mentions L\u00e9gales - Le Refuge des Pr\u00e9s\",\"isPartOf\":{\"@id\":\"https:\/\/www.lerefugedespres.com\/fr\/#website\"},\"datePublished\":\"2021-05-11T08:58:08+00:00\",\"dateModified\":\"2021-12-08T13:44:06+00:00\",\"breadcrumb\":{\"@id\":\"https:\/\/www.lerefugedespres.com\/fr\/mentions-legales\/#breadcrumb\"},\"inLanguage\":\"en-GB\",\"potentialAction\":[{\"@type\":\"ReadAction\",\"target\":[\"https:\/\/www.lerefugedespres.com\/fr\/mentions-legales\/\"]}]},{\"@type\":\"BreadcrumbList\",\"@id\":\"https:\/\/www.lerefugedespres.com\/fr\/mentions-legales\/#breadcrumb\",\"itemListElement\":[{\"@type\":\"ListItem\",\"position\":1,\"name\":\"Accueil\",\"item\":\"https:\/\/www.lerefugedespres.com\/fr\/\"},{\"@type\":\"ListItem\",\"position\":2,\"name\":\"Mentions L\u00e9gales\"}]},{\"@type\":\"WebSite\",\"@id\":\"https:\/\/www.lerefugedespres.com\/fr\/#website\",\"url\":\"https:\/\/www.lerefugedespres.com\/fr\/\",\"name\":\"Le Refuge des Pr\u00e9s\",\"description\":\"Les Contamines-Montjoie | Ouvert 4 saisons\",\"potentialAction\":[{\"@type\":\"SearchAction\",\"target\":{\"@type\":\"EntryPoint\",\"urlTemplate\":\"https:\/\/www.lerefugedespres.com\/fr\/?s={search_term_string}\"},\"query-input\":\"required name=search_term_string\"}],\"inLanguage\":\"en-GB\"}]}<\/script>\n<!-- \/ Yoast SEO plugin. -->","yoast_head_json":{"title":"Mentions L\u00e9gales - Le Refuge des Pr\u00e9s","robots":{"index":"index","follow":"follow","max-snippet":"max-snippet:-1","max-image-preview":"max-image-preview:large","max-video-preview":"max-video-preview:-1"},"canonical":"https:\/\/www.lerefugedespres.com\/en\/mentions-legales\/","og_locale":"en_GB","og_type":"article","og_title":"Mentions L\u00e9gales - Le Refuge des Pr\u00e9s","og_description":"Mentions l\u00e9gales 1. Pr\u00e9sentation du site : Conform\u00e9ment aux dispositions des articles 6-III et 19 de la Loi n\u00b0 2004-575 du 21 juin 2004 pour la Confiance dans l\u2019\u00e9conomie num\u00e9rique, dite L.C.E.N., nous portons \u00e0 la connaissance des utilisateurs et visiteurs du site : www.lelerefugedespres.com les informations l\u00e9gales suivantes :Statut du propri\u00e9taire : Soci\u00e9t\u00e9Pr\u00e9fixe : [&hellip;]","og_url":"https:\/\/www.lerefugedespres.com\/en\/mentions-legales\/","og_site_name":"Le Refuge des Pr\u00e9s","article_modified_time":"2021-12-08T13:44:06+00:00","twitter_card":"summary_large_image","twitter_misc":{"Estimated reading time":"5 minutes"},"schema":{"@context":"https:\/\/schema.org","@graph":[{"@type":"WebPage","@id":"https:\/\/www.lerefugedespres.com\/fr\/mentions-legales\/","url":"https:\/\/www.lerefugedespres.com\/fr\/mentions-legales\/","name":"Mentions L\u00e9gales - Le Refuge des Pr\u00e9s","isPartOf":{"@id":"https:\/\/www.lerefugedespres.com\/fr\/#website"},"datePublished":"2021-05-11T08:58:08+00:00","dateModified":"2021-12-08T13:44:06+00:00","breadcrumb":{"@id":"https:\/\/www.lerefugedespres.com\/fr\/mentions-legales\/#breadcrumb"},"inLanguage":"en-GB","potentialAction":[{"@type":"ReadAction","target":["https:\/\/www.lerefugedespres.com\/fr\/mentions-legales\/"]}]},{"@type":"BreadcrumbList","@id":"https:\/\/www.lerefugedespres.com\/fr\/mentions-legales\/#breadcrumb","itemListElement":[{"@type":"ListItem","position":1,"name":"Accueil","item":"https:\/\/www.lerefugedespres.com\/fr\/"},{"@type":"ListItem","position":2,"name":"Mentions L\u00e9gales"}]},{"@type":"WebSite","@id":"https:\/\/www.lerefugedespres.com\/fr\/#website","url":"https:\/\/www.lerefugedespres.com\/fr\/","name":"Le Refuge des Pr\u00e9s","description":"Les Contamines-Montjoie | Ouvert 4 saisons","potentialAction":[{"@type":"SearchAction","target":{"@type":"EntryPoint","urlTemplate":"https:\/\/www.lerefugedespres.com\/fr\/?s={search_term_string}"},"query-input":"required name=search_term_string"}],"inLanguage":"en-GB"}]}},"_links":{"self":[{"href":"https:\/\/www.lerefugedespres.com\/en\/wp-json\/wp\/v2\/pages\/900"}],"collection":[{"href":"https:\/\/www.lerefugedespres.com\/en\/wp-json\/wp\/v2\/pages"}],"about":[{"href":"https:\/\/www.lerefugedespres.com\/en\/wp-json\/wp\/v2\/types\/page"}],"author":[{"embeddable":true,"href":"https:\/\/www.lerefugedespres.com\/en\/wp-json\/wp\/v2\/users\/5"}],"replies":[{"embeddable":true,"href":"https:\/\/www.lerefugedespres.com\/en\/wp-json\/wp\/v2\/comments?post=900"}],"version-history":[{"count":1,"href":"https:\/\/www.lerefugedespres.com\/en\/wp-json\/wp\/v2\/pages\/900\/revisions"}],"predecessor-version":[{"id":1222,"href":"https:\/\/www.lerefugedespres.com\/en\/wp-json\/wp\/v2\/pages\/900\/revisions\/1222"}],"wp:attachment":[{"href":"https:\/\/www.lerefugedespres.com\/en\/wp-json\/wp\/v2\/media?parent=900"}],"curies":[{"name":"wp","href":"https:\/\/api.w.org\/{rel}","templated":true}]}}